{"id":2994,"date":"2020-11-25T14:44:16","date_gmt":"2020-11-25T17:44:16","guid":{"rendered":"https:\/\/nnn.modulo.gl\/job\/netvaerkskonsulent\/"},"modified":"2022-10-11T09:35:49","modified_gmt":"2022-10-11T11:35:49","slug":"netvaerkskonsulent","status":"publish","type":"page","link":"https:\/\/modulo.gl\/en\/job\/netvaerkskonsulent\/","title":{"rendered":"Job &#8211; Netv\u00e6rkskonsulent"},"content":{"rendered":"[vc_row type=&#8221;full_width_background&#8221; full_screen_row_position=&#8221;middle&#8221; column_margin=&#8221;default&#8221; equal_height=&#8221;yes&#8221; column_direction=&#8221;default&#8221; column_direction_tablet=&#8221;default&#8221; column_direction_phone=&#8221;default&#8221; scene_position=&#8221;center&#8221; top_padding=&#8221;8%&#8221; bottom_padding=&#8221;0&#8243; text_color=&#8221;light&#8221; text_align=&#8221;left&#8221; row_border_radius=&#8221;none&#8221; row_border_radius_applies=&#8221;bg&#8221; enable_gradient=&#8221;true&#8221; color_overlay=&#8221;rgba(30,30,30,0.01)&#8221; color_overlay_2=&#8221;#1e1e1e&#8221; overlay_strength=&#8221;1&#8243; gradient_direction=&#8221;top_to_bottom&#8221; shape_divider_position=&#8221;bottom&#8221; bg_image_animation=&#8221;none&#8221; parallax_bg=&#8221;true&#8221; parallax_bg_speed=&#8221;fast&#8221; shape_type=&#8221;&#8221;][vc_column column_padding=&#8221;padding-2-percent&#8221; column_padding_tablet=&#8221;inherit&#8221; column_padding_phone=&#8221;inherit&#8221; column_padding_position=&#8221;left&#8221; background_color_opacity=&#8221;1&#8243; background_hover_color_opacity=&#8221;1&#8243; column_shadow=&#8221;none&#8221; column_border_radius=&#8221;none&#8221; column_link_target=&#8221;_self&#8221; gradient_direction=&#8221;left_to_right&#8221; overlay_strength=&#8221;0.3&#8243; width=&#8221;2\/3&#8243; tablet_width_inherit=&#8221;default&#8221; tablet_text_alignment=&#8221;default&#8221; phone_text_alignment=&#8221;default&#8221; column_border_width=&#8221;none&#8221; column_border_style=&#8221;solid&#8221; bg_image_animation=&#8221;none&#8221;][vc_row_inner column_margin=&#8221;default&#8221; column_direction=&#8221;default&#8221; column_direction_tablet=&#8221;default&#8221; column_direction_phone=&#8221;default&#8221; text_align=&#8221;left&#8221;][vc_column_inner column_padding=&#8221;no-extra-padding&#8221; column_padding_tablet=&#8221;inherit&#8221; column_padding_phone=&#8221;inherit&#8221; column_padding_position=&#8221;all&#8221; background_color_opacity=&#8221;1&#8243; background_hover_color_opacity=&#8221;1&#8243; column_shadow=&#8221;none&#8221; column_border_radius=&#8221;none&#8221; column_link_target=&#8221;_self&#8221; gradient_direction=&#8221;left_to_right&#8221; overlay_strength=&#8221;0.3&#8243; width=&#8221;1\/1&#8243; tablet_width_inherit=&#8221;default&#8221; column_border_width=&#8221;none&#8221; column_border_style=&#8221;solid&#8221; bg_image_animation=&#8221;none&#8221;][vc_custom_heading text=&#8221;VI S\u00d8GER EN ENGAGERET OG ALSIDIG&#8221; font_container=&#8221;tag:h5|text_align:left|color:rgba(255%2C255%2C255%2C0.74)&#8221; use_theme_fonts=&#8221;yes&#8221; css_animation=&#8221;fadeInUp&#8221;][nectar_highlighted_text color_type=&#8221;regular&#8221; highlight_color=&#8221;#1d2f61&#8243; style=&#8221;half_text&#8221;]\n<h1>Netv\u00e6rkskonsulent<\/h1>\n[\/nectar_highlighted_text][divider line_type=&#8221;Full Width Line&#8221; line_thickness=&#8221;1&#8243; divider_color=&#8221;default&#8221; custom_height=&#8221;100&#8243;][vc_custom_heading text=&#8221;Kort om Modulo ApS&#8221; font_container=&#8221;tag:h5|text_align:left&#8221; use_theme_fonts=&#8221;yes&#8221;][vc_column_text]Modulo er en ung konsulentvirksomhed der blev stiftet i 2017. Vi er et lille hold p\u00e5 6 mennesker der alle br\u00e6nder for en god service og oplevelse for alle vores kunder. Vi har fokus p\u00e5 holdspil og p\u00e5 at udnytte hinandens styrker, men arbejder i \u00f8vrigt meget selvst\u00e6ndigt \u2013 og her forventer vi at du kan tage ansvar for dine opgaver og k\u00f8re dem helt i m\u00e5l.<\/p>\n<p>Vi stiller h\u00f8je krav til os selv, for vi \u00f8nsker at skabe bedst mulig v\u00e6rdi for vores kunder i alt hvad vi laver. Uanset om det handler om r\u00e5dgivning, l\u00f8sninger eller services, g\u00e5r vi til opgaven med de samme h\u00f8je standarder for kvalitet og \u00e5benhed i hele leverancen.<\/p>\n<p>Vi arbejder altid med de produkter og teknologier, der passer bedst til den konkrete opgave. Modulo har partnerskaber med bl.a. Fortinet, Juniper, Cisco og HPE, som er blandt de produkter vi arbejder mest med i dagligdagen.[\/vc_column_text][\/vc_column_inner][\/vc_row_inner][\/vc_column][vc_column column_padding=&#8221;no-extra-padding&#8221; column_padding_tablet=&#8221;inherit&#8221; column_padding_phone=&#8221;inherit&#8221; column_padding_position=&#8221;all&#8221; background_color_opacity=&#8221;1&#8243; background_hover_color_opacity=&#8221;1&#8243; column_shadow=&#8221;none&#8221; column_border_radius=&#8221;none&#8221; column_link_target=&#8221;_self&#8221; gradient_direction=&#8221;left_to_right&#8221; overlay_strength=&#8221;0.3&#8243; width=&#8221;1\/3&#8243; tablet_width_inherit=&#8221;default&#8221; tablet_text_alignment=&#8221;default&#8221; phone_text_alignment=&#8221;default&#8221; column_border_width=&#8221;none&#8221; column_border_style=&#8221;solid&#8221; bg_image_animation=&#8221;none&#8221;][\/vc_column][\/vc_row][vc_row type=&#8221;full_width_background&#8221; full_screen_row_position=&#8221;middle&#8221; column_margin=&#8221;default&#8221; column_direction=&#8221;default&#8221; column_direction_tablet=&#8221;default&#8221; column_direction_phone=&#8221;default&#8221; bg_color=&#8221;#1e1e1e&#8221; scene_position=&#8221;center&#8221; bottom_padding=&#8221;15%&#8221; text_color=&#8221;light&#8221; text_align=&#8221;left&#8221; row_border_radius=&#8221;none&#8221; row_border_radius_applies=&#8221;bg&#8221; overlay_strength=&#8221;0.5&#8243; gradient_direction=&#8221;left_b_to_right_t&#8221; shape_divider_position=&#8221;bottom&#8221; bg_image_animation=&#8221;none&#8221; parallax_bg=&#8221;true&#8221; parallax_bg_speed=&#8221;fast&#8221; video_mute=&#8221;true&#8221; shape_type=&#8221;&#8221;][vc_column column_padding=&#8221;padding-2-percent&#8221; column_padding_tablet=&#8221;inherit&#8221; column_padding_phone=&#8221;inherit&#8221; column_padding_position=&#8221;left&#8221; background_color_opacity=&#8221;1&#8243; background_hover_color_opacity=&#8221;1&#8243; column_shadow=&#8221;none&#8221; column_border_radius=&#8221;none&#8221; column_link_target=&#8221;_self&#8221; gradient_direction=&#8221;left_to_right&#8221; overlay_strength=&#8221;0.3&#8243; width=&#8221;2\/3&#8243; tablet_width_inherit=&#8221;default&#8221; tablet_text_alignment=&#8221;default&#8221; phone_text_alignment=&#8221;default&#8221; column_border_width=&#8221;none&#8221; column_border_style=&#8221;solid&#8221; bg_image_animation=&#8221;none&#8221;][vc_row_inner column_margin=&#8221;default&#8221; column_direction=&#8221;default&#8221; column_direction_tablet=&#8221;default&#8221; column_direction_phone=&#8221;default&#8221; top_padding=&#8221;5%&#8221; text_align=&#8221;left&#8221;][vc_column_inner column_padding=&#8221;padding-2-percent&#8221; column_padding_tablet=&#8221;inherit&#8221; column_padding_phone=&#8221;inherit&#8221; column_padding_position=&#8221;left&#8221; background_color_opacity=&#8221;1&#8243; background_hover_color_opacity=&#8221;1&#8243; column_shadow=&#8221;none&#8221; column_border_radius=&#8221;none&#8221; column_link_target=&#8221;_self&#8221; gradient_direction=&#8221;left_to_right&#8221; overlay_strength=&#8221;0.3&#8243; width=&#8221;1\/1&#8243; tablet_width_inherit=&#8221;default&#8221; column_border_width=&#8221;none&#8221; column_border_style=&#8221;solid&#8221; bg_image_animation=&#8221;none&#8221;][vc_custom_heading text=&#8221;Vi tilbyder&#8221; font_container=&#8221;tag:h5|text_align:left&#8221; use_theme_fonts=&#8221;yes&#8221;]<div class=\"nectar-fancy-ul\" data-list-icon=\"icon-salient-thin-line\" data-animation=\"true\" data-animation-delay=\"0\" data-color=\"extra-color-1\" data-spacing=\"default\" data-alignment=\"left\"> \n<ul>\n<li>En sp\u00e6ndende stilling med store personlige og faglige udviklingsmuligheder, samt et af hold af inspirerende og dybt engagerede kollegaer.<\/li>\n<li>Et selvst\u00e6ndigt arbejde, som du selv har mulighed for at s\u00e6tte dit pr\u00e6g p\u00e5, da du er aktiv medskaber af en stor del af dine arbejdsopgaver.<\/li>\n<li>En alsidig arbejdsdag, der kr\u00e6ver b\u00e5de fordybelse og udadvendthed, samt rigtig\u00a0gode muligheder for faglig og personlig udvikling.<\/li>\n<li>En l\u00f8npakke der matcher dine kompetencer herunder sundhedsforsikring til dig og din familie.<\/li>\n<\/ul>\n <\/div>[\/vc_column_inner][\/vc_row_inner][vc_row_inner column_margin=&#8221;default&#8221; column_direction=&#8221;default&#8221; column_direction_tablet=&#8221;default&#8221; column_direction_phone=&#8221;default&#8221; text_align=&#8221;left&#8221;][vc_column_inner column_padding=&#8221;padding-2-percent&#8221; column_padding_tablet=&#8221;inherit&#8221; column_padding_phone=&#8221;inherit&#8221; column_padding_position=&#8221;left&#8221; background_color_opacity=&#8221;1&#8243; background_hover_color_opacity=&#8221;1&#8243; column_shadow=&#8221;none&#8221; column_border_radius=&#8221;none&#8221; column_link_target=&#8221;_self&#8221; gradient_direction=&#8221;left_to_right&#8221; overlay_strength=&#8221;0.3&#8243; width=&#8221;1\/1&#8243; tablet_width_inherit=&#8221;default&#8221; column_border_width=&#8221;none&#8221; column_border_style=&#8221;solid&#8221; bg_image_animation=&#8221;none&#8221;][vc_custom_heading text=&#8221;Vi forventer&#8221; font_container=&#8221;tag:h5|text_align:left&#8221; use_theme_fonts=&#8221;yes&#8221;]<div class=\"nectar-fancy-ul\" data-list-icon=\"icon-salient-thin-line\" data-animation=\"true\" data-animation-delay=\"0\" data-color=\"extra-color-1\" data-spacing=\"default\" data-alignment=\"left\"> \n<ul>\n<li>At du er kreativ og id\u00e9rig, men samtidig ansvarlig og handlekraftig, s\u00e5 du er med til at sikre, at opgaver og gode intentioner n\u00e5r i m\u00e5l.<\/li>\n<li>At du velvilligt tager ejerskab over vores opgaver, og gerne byder ind med en hj\u00e6lpende h\u00e5nd og l\u00f8fter din del af de daglige driftsopgaver.<\/li>\n<li>At du er nysgerrig inden for den udvikling der sker i faget, og selv er med til at skabe gode og potentielle projekter som vi kan k\u00f8re i m\u00e5l \u2013 b\u00e5de hos kunderne, men ogs\u00e5 hos os selv.<\/li>\n<\/ul>\n <\/div>[\/vc_column_inner][\/vc_row_inner][vc_custom_heading text=&#8221;Arbejdstid og sted&#8221; font_container=&#8221;tag:h5|text_align:left&#8221; use_theme_fonts=&#8221;yes&#8221;][vc_column_text]Vi arbejderne i hverdagene i tidsrummet kl. 08.00 &#8211; 16.00, virksomheden er beliggende i Nuuk.[\/vc_column_text][divider line_type=&#8221;Full Width Line&#8221; line_thickness=&#8221;1&#8243; divider_color=&#8221;default&#8221; custom_height=&#8221;100&#8243;][vc_custom_heading text=&#8221;Interesseret?&#8221; font_container=&#8221;tag:h5|text_align:left&#8221; use_theme_fonts=&#8221;yes&#8221;][vc_custom_heading text=&#8221;Stillingen er med tiltr\u00e6delse snarest muligt, og samtaler vil afholdes l\u00f8bende.<br \/>\nHvis det lyder sp\u00e6ndende, s\u00e5 send din ans\u00f8gning med CV p\u00e5 mail adressen:&#8221; font_container=&#8221;tag:p|text_align:left&#8221; use_theme_fonts=&#8221;yes&#8221; css_animation=&#8221;none&#8221;][nectar_cta btn_style=&#8221;see-through&#8221; heading_tag=&#8221;p&#8221; button_color=&#8221;default&#8221; link_type=&#8221;regular&#8221; alignment=&#8221;left&#8221; display=&#8221;block&#8221; link_text=&#8221;info@modulo.gl&#8221; url=&#8221;mailto:info@modulo.gl&#8221; margin_top=&#8221;5&#8243;][divider line_type=&#8221;Full Width Line&#8221; line_thickness=&#8221;1&#8243; divider_color=&#8221;default&#8221; custom_height=&#8221;100&#8243;][vc_custom_heading text=&#8221;Sp\u00f8rgsm\u00e5l?&#8221; font_container=&#8221;tag:h5|text_align:left&#8221; use_theme_fonts=&#8221;yes&#8221;][vc_row_inner column_margin=&#8221;default&#8221; column_direction=&#8221;default&#8221; column_direction_tablet=&#8221;default&#8221; column_direction_phone=&#8221;default&#8221; text_align=&#8221;left&#8221;][vc_column_inner column_padding=&#8221;padding-2-percent&#8221; column_padding_tablet=&#8221;inherit&#8221; column_padding_phone=&#8221;inherit&#8221; column_padding_position=&#8221;left&#8221; background_color_opacity=&#8221;1&#8243; background_hover_color_opacity=&#8221;1&#8243; column_shadow=&#8221;none&#8221; column_border_radius=&#8221;none&#8221; column_link_target=&#8221;_self&#8221; gradient_direction=&#8221;left_to_right&#8221; overlay_strength=&#8221;0.3&#8243; width=&#8221;1\/2&#8243; tablet_width_inherit=&#8221;default&#8221; column_border_width=&#8221;none&#8221; column_border_style=&#8221;solid&#8221; bg_image_animation=&#8221;none&#8221;][vc_custom_heading text=&#8221;Har du faglige sp\u00f8rgsm\u00e5l til stillingen, kan du kontakte vores CTO Thomas Steenholdt p\u00e5 (+299) 482524, eller via mail&#8221; font_container=&#8221;tag:p|text_align:left&#8221; use_theme_fonts=&#8221;yes&#8221; css_animation=&#8221;none&#8221;][nectar_cta btn_style=&#8221;see-through&#8221; heading_tag=&#8221;p&#8221; button_color=&#8221;default&#8221; link_type=&#8221;regular&#8221; alignment=&#8221;left&#8221; display=&#8221;block&#8221; link_text=&#8221;thms@modulo.gl&#8221; url=&#8221;mailto:thms@modulo.gl&#8221; margin_top=&#8221;-15&#8243;][\/vc_column_inner][vc_column_inner column_padding=&#8221;no-extra-padding&#8221; column_padding_tablet=&#8221;inherit&#8221; column_padding_phone=&#8221;inherit&#8221; column_padding_position=&#8221;all&#8221; background_color_opacity=&#8221;1&#8243; background_hover_color_opacity=&#8221;1&#8243; column_shadow=&#8221;none&#8221; column_border_radius=&#8221;none&#8221; column_link_target=&#8221;_self&#8221; gradient_direction=&#8221;left_to_right&#8221; overlay_strength=&#8221;0.3&#8243; width=&#8221;1\/2&#8243; tablet_width_inherit=&#8221;default&#8221; column_border_width=&#8221;none&#8221; column_border_style=&#8221;solid&#8221; bg_image_animation=&#8221;none&#8221;][vc_custom_heading text=&#8221;Ved \u00f8vrige sp\u00f8rgsm\u00e5l bedes du kontakte vores General Manager Katrine Helena Petersen p\u00e5 (+299) 551427 eller&#8221; font_container=&#8221;tag:p|text_align:left&#8221; use_theme_fonts=&#8221;yes&#8221; css_animation=&#8221;none&#8221;][nectar_cta btn_style=&#8221;see-through&#8221; heading_tag=&#8221;p&#8221; button_color=&#8221;default&#8221; link_type=&#8221;regular&#8221; alignment=&#8221;left&#8221; display=&#8221;block&#8221; link_text=&#8221;khja@modulo.gl&#8221; url=&#8221;mailto:khja@modulo.gl&#8221; margin_top=&#8221;-15&#8243;][\/vc_column_inner][\/vc_row_inner][\/vc_column][vc_column column_padding=&#8221;no-extra-padding&#8221; column_padding_tablet=&#8221;inherit&#8221; column_padding_phone=&#8221;inherit&#8221; column_padding_position=&#8221;all&#8221; background_color_opacity=&#8221;1&#8243; background_hover_color_opacity=&#8221;1&#8243; column_shadow=&#8221;none&#8221; column_border_radius=&#8221;none&#8221; column_link_target=&#8221;_self&#8221; gradient_direction=&#8221;left_to_right&#8221; overlay_strength=&#8221;0.3&#8243; width=&#8221;1\/3&#8243; tablet_width_inherit=&#8221;default&#8221; tablet_text_alignment=&#8221;default&#8221; phone_text_alignment=&#8221;default&#8221; column_border_width=&#8221;none&#8221; column_border_style=&#8221;solid&#8221; bg_image_animation=&#8221;none&#8221;][\/vc_column][\/vc_row]\n","protected":false},"excerpt":{"rendered":"<p>[vc_row type=&#8221;full_width_background&#8221; full_screen_row_position=&#8221;middle&#8221; column_margin=&#8221;default&#8221; equal_height=&#8221;yes&#8221; column_direction=&#8221;default&#8221; column_direction_tablet=&#8221;default&#8221; column_direction_phone=&#8221;default&#8221; scene_position=&#8221;center&#8221; top_padding=&#8221;8%&#8221; bottom_padding=&#8221;0&#8243; text_color=&#8221;light&#8221; text_align=&#8221;left&#8221; row_border_radius=&#8221;none&#8221; row_border_radius_applies=&#8221;bg&#8221; enable_gradient=&#8221;true&#8221; color_overlay=&#8221;rgba(30,30,30,0.01)&#8221; color_overlay_2=&#8221;#1e1e1e&#8221; overlay_strength=&#8221;1&#8243; gradient_direction=&#8221;top_to_bottom&#8221; shape_divider_position=&#8221;bottom&#8221; bg_image_animation=&#8221;none&#8221; parallax_bg=&#8221;true&#8221; parallax_bg_speed=&#8221;fast&#8221; shape_type=&#8221;&#8221;][vc_column column_padding=&#8221;padding-2-percent&#8221; column_padding_tablet=&#8221;inherit&#8221; column_padding_phone=&#8221;inherit&#8221; column_padding_position=&#8221;left&#8221; background_color_opacity=&#8221;1&#8243;&#8230;<\/p>\n","protected":false},"author":1,"featured_media":0,"parent":2516,"menu_order":0,"comment_status":"closed","ping_status":"closed","template":"","meta":{"footnotes":""},"class_list":["post-2994","page","type-page","status-publish"],"yoast_head":"<!-- This site is optimized with the Yoast SEO plugin v27.3 - https:\/\/yoast.com\/product\/yoast-seo-wordpress\/ -->\n<title>Job - Netv\u00e6rkskonsulent - Modulo<\/title>\n<meta name=\"robots\" content=\"index, follow, max-snippet:-1, max-image-preview:large, max-video-preview:-1\" \/>\n<link rel=\"canonical\" href=\"https:\/\/modulo.gl\/en\/job\/netvaerkskonsulent\/\" \/>\n<meta property=\"og:locale\" content=\"en_US\" \/>\n<meta property=\"og:type\" content=\"article\" \/>\n<meta property=\"og:title\" content=\"Job - Netv\u00e6rkskonsulent - Modulo\" \/>\n<meta property=\"og:description\" content=\"[vc_row type=&#8221;full_width_background&#8221; full_screen_row_position=&#8221;middle&#8221; column_margin=&#8221;default&#8221; equal_height=&#8221;yes&#8221; column_direction=&#8221;default&#8221; column_direction_tablet=&#8221;default&#8221; column_direction_phone=&#8221;default&#8221; scene_position=&#8221;center&#8221; top_padding=&#8221;8%&#8221; bottom_padding=&#8221;0&#8243; text_color=&#8221;light&#8221; text_align=&#8221;left&#8221; row_border_radius=&#8221;none&#8221; row_border_radius_applies=&#8221;bg&#8221; enable_gradient=&#8221;true&#8221; color_overlay=&#8221;rgba(30,30,30,0.01)&#8221; color_overlay_2=&#8221;#1e1e1e&#8221; overlay_strength=&#8221;1&#8243; gradient_direction=&#8221;top_to_bottom&#8221; shape_divider_position=&#8221;bottom&#8221; bg_image_animation=&#8221;none&#8221; parallax_bg=&#8221;true&#8221; parallax_bg_speed=&#8221;fast&#8221; shape_type=&#8221;&#8221;][vc_column column_padding=&#8221;padding-2-percent&#8221; column_padding_tablet=&#8221;inherit&#8221; column_padding_phone=&#8221;inherit&#8221; column_padding_position=&#8221;left&#8221; background_color_opacity=&#8221;1&#8243;...\" \/>\n<meta property=\"og:url\" content=\"https:\/\/modulo.gl\/en\/job\/netvaerkskonsulent\/\" \/>\n<meta property=\"og:site_name\" content=\"Modulo\" \/>\n<meta property=\"article:modified_time\" content=\"2022-10-11T11:35:49+00:00\" \/>\n<meta name=\"twitter:card\" content=\"summary_large_image\" \/>\n<meta name=\"twitter:label1\" content=\"Est. reading time\" \/>\n\t<meta name=\"twitter:data1\" content=\"8 minutes\" \/>\n<script type=\"application\/ld+json\" class=\"yoast-schema-graph\">{\"@context\":\"https:\\\/\\\/schema.org\",\"@graph\":[{\"@type\":\"WebPage\",\"@id\":\"https:\\\/\\\/modulo.gl\\\/en\\\/job\\\/netvaerkskonsulent\\\/\",\"url\":\"https:\\\/\\\/modulo.gl\\\/en\\\/job\\\/netvaerkskonsulent\\\/\",\"name\":\"Job - Netv\u00e6rkskonsulent - Modulo\",\"isPartOf\":{\"@id\":\"https:\\\/\\\/modulo.gl\\\/en\\\/#website\"},\"datePublished\":\"2020-11-25T17:44:16+00:00\",\"dateModified\":\"2022-10-11T11:35:49+00:00\",\"breadcrumb\":{\"@id\":\"https:\\\/\\\/modulo.gl\\\/en\\\/job\\\/netvaerkskonsulent\\\/#breadcrumb\"},\"inLanguage\":\"en-US\",\"potentialAction\":[{\"@type\":\"ReadAction\",\"target\":[\"https:\\\/\\\/modulo.gl\\\/en\\\/job\\\/netvaerkskonsulent\\\/\"]}]},{\"@type\":\"BreadcrumbList\",\"@id\":\"https:\\\/\\\/modulo.gl\\\/en\\\/job\\\/netvaerkskonsulent\\\/#breadcrumb\",\"itemListElement\":[{\"@type\":\"ListItem\",\"position\":1,\"name\":\"Hjem\",\"item\":\"https:\\\/\\\/modulo.gl\\\/en\\\/13-2\\\/\"},{\"@type\":\"ListItem\",\"position\":2,\"name\":\"Job\",\"item\":\"https:\\\/\\\/modulo.gl\\\/en\\\/job\\\/\"},{\"@type\":\"ListItem\",\"position\":3,\"name\":\"Job &#8211; Netv\u00e6rkskonsulent\"}]},{\"@type\":\"WebSite\",\"@id\":\"https:\\\/\\\/modulo.gl\\\/en\\\/#website\",\"url\":\"https:\\\/\\\/modulo.gl\\\/en\\\/\",\"name\":\"Modulo\",\"description\":\"World Class IT\",\"publisher\":{\"@id\":\"https:\\\/\\\/modulo.gl\\\/en\\\/#organization\"},\"potentialAction\":[{\"@type\":\"SearchAction\",\"target\":{\"@type\":\"EntryPoint\",\"urlTemplate\":\"https:\\\/\\\/modulo.gl\\\/en\\\/?s={search_term_string}\"},\"query-input\":{\"@type\":\"PropertyValueSpecification\",\"valueRequired\":true,\"valueName\":\"search_term_string\"}}],\"inLanguage\":\"en-US\"},{\"@type\":\"Organization\",\"@id\":\"https:\\\/\\\/modulo.gl\\\/en\\\/#organization\",\"name\":\"Modulo\",\"url\":\"https:\\\/\\\/modulo.gl\\\/en\\\/\",\"logo\":{\"@type\":\"ImageObject\",\"inLanguage\":\"en-US\",\"@id\":\"https:\\\/\\\/modulo.gl\\\/en\\\/#\\\/schema\\\/logo\\\/image\\\/\",\"url\":\"https:\\\/\\\/modulo.gl\\\/wp-content\\\/uploads\\\/2020\\\/10\\\/Modulo-Logo.png\",\"contentUrl\":\"https:\\\/\\\/modulo.gl\\\/wp-content\\\/uploads\\\/2020\\\/10\\\/Modulo-Logo.png\",\"width\":475,\"height\":69,\"caption\":\"Modulo\"},\"image\":{\"@id\":\"https:\\\/\\\/modulo.gl\\\/en\\\/#\\\/schema\\\/logo\\\/image\\\/\"},\"sameAs\":[\"https:\\\/\\\/www.linkedin.com\\\/company\\\/modulo-aps\\\/\"]}]}<\/script>\n<!-- \/ Yoast SEO plugin. -->","yoast_head_json":{"title":"Job - Netv\u00e6rkskonsulent - Modulo","robots":{"index":"index","follow":"follow","max-snippet":"max-snippet:-1","max-image-preview":"max-image-preview:large","max-video-preview":"max-video-preview:-1"},"canonical":"https:\/\/modulo.gl\/en\/job\/netvaerkskonsulent\/","og_locale":"en_US","og_type":"article","og_title":"Job - Netv\u00e6rkskonsulent - Modulo","og_description":"[vc_row type=&#8221;full_width_background&#8221; full_screen_row_position=&#8221;middle&#8221; column_margin=&#8221;default&#8221; equal_height=&#8221;yes&#8221; column_direction=&#8221;default&#8221; column_direction_tablet=&#8221;default&#8221; column_direction_phone=&#8221;default&#8221; scene_position=&#8221;center&#8221; top_padding=&#8221;8%&#8221; bottom_padding=&#8221;0&#8243; text_color=&#8221;light&#8221; text_align=&#8221;left&#8221; row_border_radius=&#8221;none&#8221; row_border_radius_applies=&#8221;bg&#8221; enable_gradient=&#8221;true&#8221; color_overlay=&#8221;rgba(30,30,30,0.01)&#8221; color_overlay_2=&#8221;#1e1e1e&#8221; overlay_strength=&#8221;1&#8243; gradient_direction=&#8221;top_to_bottom&#8221; shape_divider_position=&#8221;bottom&#8221; bg_image_animation=&#8221;none&#8221; parallax_bg=&#8221;true&#8221; parallax_bg_speed=&#8221;fast&#8221; shape_type=&#8221;&#8221;][vc_column column_padding=&#8221;padding-2-percent&#8221; column_padding_tablet=&#8221;inherit&#8221; column_padding_phone=&#8221;inherit&#8221; column_padding_position=&#8221;left&#8221; background_color_opacity=&#8221;1&#8243;...","og_url":"https:\/\/modulo.gl\/en\/job\/netvaerkskonsulent\/","og_site_name":"Modulo","article_modified_time":"2022-10-11T11:35:49+00:00","twitter_card":"summary_large_image","twitter_misc":{"Est. reading time":"8 minutes"},"schema":{"@context":"https:\/\/schema.org","@graph":[{"@type":"WebPage","@id":"https:\/\/modulo.gl\/en\/job\/netvaerkskonsulent\/","url":"https:\/\/modulo.gl\/en\/job\/netvaerkskonsulent\/","name":"Job - Netv\u00e6rkskonsulent - Modulo","isPartOf":{"@id":"https:\/\/modulo.gl\/en\/#website"},"datePublished":"2020-11-25T17:44:16+00:00","dateModified":"2022-10-11T11:35:49+00:00","breadcrumb":{"@id":"https:\/\/modulo.gl\/en\/job\/netvaerkskonsulent\/#breadcrumb"},"inLanguage":"en-US","potentialAction":[{"@type":"ReadAction","target":["https:\/\/modulo.gl\/en\/job\/netvaerkskonsulent\/"]}]},{"@type":"BreadcrumbList","@id":"https:\/\/modulo.gl\/en\/job\/netvaerkskonsulent\/#breadcrumb","itemListElement":[{"@type":"ListItem","position":1,"name":"Hjem","item":"https:\/\/modulo.gl\/en\/13-2\/"},{"@type":"ListItem","position":2,"name":"Job","item":"https:\/\/modulo.gl\/en\/job\/"},{"@type":"ListItem","position":3,"name":"Job &#8211; Netv\u00e6rkskonsulent"}]},{"@type":"WebSite","@id":"https:\/\/modulo.gl\/en\/#website","url":"https:\/\/modulo.gl\/en\/","name":"Modulo","description":"World Class IT","publisher":{"@id":"https:\/\/modulo.gl\/en\/#organization"},"potentialAction":[{"@type":"SearchAction","target":{"@type":"EntryPoint","urlTemplate":"https:\/\/modulo.gl\/en\/?s={search_term_string}"},"query-input":{"@type":"PropertyValueSpecification","valueRequired":true,"valueName":"search_term_string"}}],"inLanguage":"en-US"},{"@type":"Organization","@id":"https:\/\/modulo.gl\/en\/#organization","name":"Modulo","url":"https:\/\/modulo.gl\/en\/","logo":{"@type":"ImageObject","inLanguage":"en-US","@id":"https:\/\/modulo.gl\/en\/#\/schema\/logo\/image\/","url":"https:\/\/modulo.gl\/wp-content\/uploads\/2020\/10\/Modulo-Logo.png","contentUrl":"https:\/\/modulo.gl\/wp-content\/uploads\/2020\/10\/Modulo-Logo.png","width":475,"height":69,"caption":"Modulo"},"image":{"@id":"https:\/\/modulo.gl\/en\/#\/schema\/logo\/image\/"},"sameAs":["https:\/\/www.linkedin.com\/company\/modulo-aps\/"]}]}},"jetpack_sharing_enabled":true,"_links":{"self":[{"href":"https:\/\/modulo.gl\/en\/wp-json\/wp\/v2\/pages\/2994","targetHints":{"allow":["GET"]}}],"collection":[{"href":"https:\/\/modulo.gl\/en\/wp-json\/wp\/v2\/pages"}],"about":[{"href":"https:\/\/modulo.gl\/en\/wp-json\/wp\/v2\/types\/page"}],"author":[{"embeddable":true,"href":"https:\/\/modulo.gl\/en\/wp-json\/wp\/v2\/users\/1"}],"replies":[{"embeddable":true,"href":"https:\/\/modulo.gl\/en\/wp-json\/wp\/v2\/comments?post=2994"}],"version-history":[{"count":1,"href":"https:\/\/modulo.gl\/en\/wp-json\/wp\/v2\/pages\/2994\/revisions"}],"predecessor-version":[{"id":2999,"href":"https:\/\/modulo.gl\/en\/wp-json\/wp\/v2\/pages\/2994\/revisions\/2999"}],"up":[{"embeddable":true,"href":"https:\/\/modulo.gl\/en\/wp-json\/wp\/v2\/pages\/2516"}],"wp:attachment":[{"href":"https:\/\/modulo.gl\/en\/wp-json\/wp\/v2\/media?parent=2994"}],"curies":[{"name":"wp","href":"https:\/\/api.w.org\/{rel}","templated":true}]}}